{"id":312,"date":"2015-12-16T11:14:42","date_gmt":"2015-12-16T10:14:42","guid":{"rendered":"http:\/\/www.muwit.it\/eggerhof\/it\/winter\/"},"modified":"2015-12-24T15:24:44","modified_gmt":"2015-12-24T14:24:44","slug":"inverno","status":"publish","type":"page","link":"https:\/\/www.eggerhof.net\/it\/inverno\/","title":{"rendered":"Vivere l&#8217;inverno"},"content":{"rendered":"<h1>\u201ePulverschnea und Brettlwochs\u201c<\/h1>\n<h2>Neve fresca e sciolina<\/h2>\n<p><strong>Inverno a Racines ha tanti significati.<\/strong> Oltre al comprensorio sciistico davanti la porta di casa, nelle vicinanze ci sono anche la pista di fondo, la pista di slittino e numerosi sentieri per escursioni con le ciaspole o a piedi. In altre parole, con tutta questa offerta, ognuno trover\u00e0 l&#8217;attivit\u00e0 a lui pi\u00f9 congeniale!<\/p>\n<p>L&#8217;Eggerhof si trova direttamente di fronte agli impianti di risalita del comprensorio sciistico di Racines. Con la moderna cabinovia si arriva a quasi 2000mt di altitudine. Una volta arrivati in cima c&#8217;\u00e8 la possibilit\u00e0 di praticare innumerevoli attivit\u00e0 invernali:<\/p>\n<h2>Sciare a Racines<\/h2>\n<p>Il comprensorio dispone di 8 moderni impianti di risalita e innumerevoli km di piste che fanno dello sci un&#8217;esperienza unica. Le tipiche baite sudtirolesi, le piste ottimamente preparate ed il panorama mozzafiato rendono l&#8217;area sciistica Racines \/ Giovo un posto ancora pi\u00f9 incantevole: per una vacanza indimenticabile! E nelle giornate assolate di primavera godetevi il calore del sole in alta quota.<\/p>\n<p><img loading=\"lazy\" decoding=\"async\" class=\"alignnone wp-image-135\" src=\"https:\/\/www.eggerhof.net\/wp-content\/uploads\/BSC0903B.jpg\" alt=\"_BSC0903B\" width=\"694\" height=\"555\" srcset=\"https:\/\/www.eggerhof.net\/wp-content\/uploads\/BSC0903B.jpg 1000w, https:\/\/www.eggerhof.net\/wp-content\/uploads\/BSC0903B-300x240.jpg 300w, https:\/\/www.eggerhof.net\/wp-content\/uploads\/BSC0903B-183x146.jpg 183w, https:\/\/www.eggerhof.net\/wp-content\/uploads\/BSC0903B-50x40.jpg 50w, https:\/\/www.eggerhof.net\/wp-content\/uploads\/BSC0903B-94x75.jpg 94w\" sizes=\"(max-width: 694px) 100vw, 694px\" \/><\/p>\n<h2>Sci di fondo<\/h2>\n<p>Ci sono due piste di fondo a disposizione per i nostri ospiti appassionati di questo sport. La partenza della prima si trova a poca distanza dall&#8217;Eggerhof e corre lungo la valle in direzione di Vallettina. Questo percorso di media difficolt\u00e0 \u00e8 l&#8217;ideale per divertirsi. Lungo il percorso c&#8217;\u00e8 sempre la possibilit\u00e0 di girare e tornare indietro. La seconda alternativa \u00e8 una pista in quota, raggiungibile dopo una salita con la cabinovia Racines-Giovo alla stazione a valle della seggiovia della Malga Rinneralm: la pista panoramica al Platschjoch.<\/p>\n<p><img loading=\"lazy\" decoding=\"async\" class=\"alignnone wp-image-161\" src=\"https:\/\/www.eggerhof.net\/wp-content\/uploads\/Ridnaun370.jpg\" alt=\"Ridnaun370\" width=\"694\" height=\"555\" srcset=\"https:\/\/www.eggerhof.net\/wp-content\/uploads\/Ridnaun370.jpg 1000w, https:\/\/www.eggerhof.net\/wp-content\/uploads\/Ridnaun370-300x240.jpg 300w, https:\/\/www.eggerhof.net\/wp-content\/uploads\/Ridnaun370-183x146.jpg 183w, https:\/\/www.eggerhof.net\/wp-content\/uploads\/Ridnaun370-50x40.jpg 50w, https:\/\/www.eggerhof.net\/wp-content\/uploads\/Ridnaun370-94x75.jpg 94w\" sizes=\"(max-width: 694px) 100vw, 694px\" \/><\/p>\n<h2>Andare sulla slitta<\/h2>\n<p>Che divertimento lanciarsi in discesa con lo slittino: per i bambini \u00e8 una vera avventura! La pista lunga ca. 6km attraversa il bosco ed i prati, passa tratti ripidi e veloci alternandosi ad altri pi\u00f9 pianeggianti.<br \/>\nE se non volete camminare, la cabinovia di Racines vi porta direttamente al punto di partenza della pista da slittino.<\/p>\n<h2>Scialpinismo, Racchette da neve e escursionismo invernale<\/h2>\n<p>Cercate un&#8217;esperienza nuova? Qualcosa lontano da impianti di risalita e piste preparate? Approfittate delle nostre innumerevoli offerte per vincere la vostra sfida con la montagna. E&#8217; lo stesso se andate a piedi nei sentieri invernali di fondovalle, con le racchette da neve o con gli sci d&#8217;alpinismo: vi sentirete completamente immersi nel silenzio e nella pace della nostra meravigliosa valle di Racines.<\/p>\n<h2>Apr\u00e8s Ski<\/h2>\n<p>Dopo una giornata sulle piste si passa naturalmente all\u2019Apr\u00e8s Ski: la musica coinvolgente, la simpatia delle persone e l\u2019atmosfera allegra fanno risalire il buon umore.La Ratschingserstuben, con il suo caratteristico igloo, \u00e8 situata nella stazione a valle del comprensorio sciistico di Racines ed invita chiunque a fermarsi e festeggiare la fine della giornata. L&#8217;Almtenne si trova circa a 200 mt dalla stazione a valle: qui festeggiare, cenare con una deliziosa pizza ed un buon sottofondo musicale sono all&#8217;ordine del giorno.<\/p>\n<p>&nbsp;<\/p>","protected":false},"excerpt":{"rendered":"<p>\u201ePulverschnea und Brettlwochs\u201c Neve fresca e sciolina Inverno a Racines ha tanti significati. Oltre al comprensorio sciistico davanti la porta di casa, nelle vicinanze ci sono [&hellip;]<\/p>\n","protected":false},"author":1,"featured_media":0,"parent":0,"menu_order":0,"comment_status":"closed","ping_status":"closed","template":"","meta":{"_monsterinsights_skip_tracking":false,"_monsterinsights_sitenote_active":false,"_monsterinsights_sitenote_note":"","_monsterinsights_sitenote_category":0,"footnotes":""},"class_list":["post-312","page","type-page","status-publish","hentry"],"_links":{"self":[{"href":"https:\/\/www.eggerhof.net\/it\/wp-json\/wp\/v2\/pages\/312"}],"collection":[{"href":"https:\/\/www.eggerhof.net\/it\/wp-json\/wp\/v2\/pages"}],"about":[{"href":"https:\/\/www.eggerhof.net\/it\/wp-json\/wp\/v2\/types\/page"}],"author":[{"embeddable":true,"href":"https:\/\/www.eggerhof.net\/it\/wp-json\/wp\/v2\/users\/1"}],"replies":[{"embeddable":true,"href":"https:\/\/www.eggerhof.net\/it\/wp-json\/wp\/v2\/comments?post=312"}],"version-history":[{"count":4,"href":"https:\/\/www.eggerhof.net\/it\/wp-json\/wp\/v2\/pages\/312\/revisions"}],"predecessor-version":[{"id":526,"href":"https:\/\/www.eggerhof.net\/it\/wp-json\/wp\/v2\/pages\/312\/revisions\/526"}],"wp:attachment":[{"href":"https:\/\/www.eggerhof.net\/it\/wp-json\/wp\/v2\/media?parent=312"}],"curies":[{"name":"wp","href":"https:\/\/api.w.org\/{rel}","templated":true}]}}