{"id":298,"date":"2015-12-16T10:58:37","date_gmt":"2015-12-16T09:58:37","guid":{"rendered":"http:\/\/www.muwit.it\/eggerhof\/it\/klettern\/"},"modified":"2015-12-24T15:08:10","modified_gmt":"2015-12-24T14:08:10","slug":"arrampicata","status":"publish","type":"page","link":"https:\/\/www.eggerhof.net\/it\/arrampicata\/","title":{"rendered":"Arrampicata"},"content":{"rendered":"<h1>\u201eIn Berg in der Hond\u201c<\/h1>\n<h2>La montagna in una mano<\/h2>\n<p>Pareti verticali e strapiombanti caratterizzano la falesia \u201e Stohlwond\u201c situata in fondo alla Valle di Racines in un idilliaco paesaggio di montagna. La roccia di questa falesia, gneiss e ardesia, offre la progressione su numerose vie: ne sono state aperte pi\u00f9 di 70 su queste pareti particolarmente strapiombanti. L\u2019arrampicata \u00e8 molto varia e le bellissime vie sono una sfida per qualsiasi climber.<br \/>\nIn alcuni periodi dell&#8217;anno e con un po&#8217; di fortuna \u00e8 possibile osservare gli stambecchi mentre passeggiano sulle placche della falesia.<\/p>\n<p>Markus Hofer e Matthias Polig sono esperti di questa zona, ecco cosa dicono di questa falesia: il linguaggio tecnico internazionale degli arrampicatori \u00e8 qualcosa di particolare, si utilizzano definizioni come \u201eincrocio\u201c e \u201elaterale\u201d per spiegare diversi tipi di passi o appigli. Tutto questo vocabolario \u00e8 utilizzato anche per la parete \u201eStohlwond\u201c soprattutto se salite una delle seguenti vie: Schweinebucht, Hennenstoll, Bockhaisl o Gamspromenade. I nomi delle vie e le date delle prime salite sono tutti elencati alla base. Per esempio il significato della prima via aperta su questa parete \u201eIs wei\u00dfe fin Speck\u201c \u00e8 che bisogna mangiare molto grasso di speck per avere la forza necessaria per riuscire a scalare la via.<\/p>\n<p>Trovate ulteriori informazioni su questa particolare palestra di roccia sul sito <a href=\"http:\/\/www.vertical-live.info\/\" target=\"_blank\">www.vertical-live.info<\/a>. La palestra di roccia \u00e8 chiusa tutti i luned\u00ec e per rispetto della natura e del lavoro dei contadini \u00e8 vietato calpestare i prati circostanti alla falesia.<\/p>","protected":false},"excerpt":{"rendered":"<p>\u201eIn Berg in der Hond\u201c La montagna in una mano Pareti verticali e strapiombanti caratterizzano la falesia \u201e Stohlwond\u201c situata in fondo alla Valle di Racines [&hellip;]<\/p>\n","protected":false},"author":1,"featured_media":0,"parent":0,"menu_order":0,"comment_status":"closed","ping_status":"closed","template":"","meta":{"_monsterinsights_skip_tracking":false,"_monsterinsights_sitenote_active":false,"_monsterinsights_sitenote_note":"","_monsterinsights_sitenote_category":0,"footnotes":""},"class_list":["post-298","page","type-page","status-publish","hentry"],"_links":{"self":[{"href":"https:\/\/www.eggerhof.net\/it\/wp-json\/wp\/v2\/pages\/298"}],"collection":[{"href":"https:\/\/www.eggerhof.net\/it\/wp-json\/wp\/v2\/pages"}],"about":[{"href":"https:\/\/www.eggerhof.net\/it\/wp-json\/wp\/v2\/types\/page"}],"author":[{"embeddable":true,"href":"https:\/\/www.eggerhof.net\/it\/wp-json\/wp\/v2\/users\/1"}],"replies":[{"embeddable":true,"href":"https:\/\/www.eggerhof.net\/it\/wp-json\/wp\/v2\/comments?post=298"}],"version-history":[{"count":3,"href":"https:\/\/www.eggerhof.net\/it\/wp-json\/wp\/v2\/pages\/298\/revisions"}],"predecessor-version":[{"id":517,"href":"https:\/\/www.eggerhof.net\/it\/wp-json\/wp\/v2\/pages\/298\/revisions\/517"}],"wp:attachment":[{"href":"https:\/\/www.eggerhof.net\/it\/wp-json\/wp\/v2\/media?parent=298"}],"curies":[{"name":"wp","href":"https:\/\/api.w.org\/{rel}","templated":true}]}}