{"id":294,"date":"2015-12-13T12:07:11","date_gmt":"2015-12-13T11:07:11","guid":{"rendered":"http:\/\/www.muwit.it\/eggerhof\/it\/beispiel-seite\/"},"modified":"2015-12-24T15:15:37","modified_gmt":"2015-12-24T14:15:37","slug":"beispiel-seite","status":"publish","type":"page","link":"https:\/\/www.eggerhof.net\/it\/","title":{"rendered":"Homepage"},"content":{"rendered":"<h1>\u201eGriastenk ba ins derhuam!\u201c<\/h1>\n<h2>Benvenuti a casa nostra!<\/h2>\n<p><strong>Il maso Eggerhof \u00e9 situato a pochi metri di distanza dal comprensorio sciistico di Racines<\/strong> e, nonostante ci\u00f2, \u00e8 completamente immerso nella natura. I nostri cinque <a title=\"Appartamenti e prezzi\" href=\"https:\/\/www.eggerhof.net\/it\/appartamenti\/\">appartamenti <\/a>vacanze, insieme all\u2019antico maso con la stalla, formano un piccolo complesso abitativo, dove abbiamo la possibilit\u00e0 di ospitarvi e di proporvi un\u2019interessante programma di attivit\u00e0: escursionismo e bicicletta in <a title=\"Estate da vivere\" href=\"https:\/\/www.eggerhof.net\/it\/estate\/\">estate<\/a>, sci e gite a piedi in<a title=\"Vivere l\u2019inverno\" href=\"https:\/\/www.eggerhof.net\/it\/inverno\/\"> inverno<\/a>. L&#8217;avventura \u00e8 assicurata in ogni stagione! <strong>E, come ciliegina sulla torta, la vostra vacanza in agriturismo.<\/strong><\/p>\n<p>L&#8217;allegria dei <a title=\"Vacanza in estate per bambini\" href=\"https:\/\/www.eggerhof.net\/it\/bambini\/\">bambini<\/a> e la possibilit\u00e0 di lasciarli sfogare liberamente sono molto importanti per noi dell&#8217;Eggerhof. I nostri piccoli Fabian e Peter sono entusiasti del maso e soprattutto dei giochi nella stalla e noi adulti ci rendiamo conto di quanto sia bello per loro crescere lontano dalla frenesia della citt\u00e0: essere in mezzo alla natura, lontano dal caos. Gli animali del maso sono una continua attrazione per i piccoli e quando i bambini sono felici, lo sono anche i genitori.<\/p>\n<p>Certamente, non siamo gli unici ad offrire vacanze nel maso e ad avere appartamenti belli e confortevoli, ma sapete cosa rende l&#8217;Eggerhof a Racines cos\u00ec speciale?<\/p>\n<p><strong>Volete sapere perch\u00e9 dovreste venire proprio da noi? In realt\u00e0 ci sarebbero innumerevoli ragioni; di seguito le cinque che ci stanno pi\u00f9 a cuore:<\/strong><\/p>","protected":false},"excerpt":{"rendered":"<p>\u201eGriastenk ba ins derhuam!\u201c Benvenuti a casa nostra! Il maso Eggerhof \u00e9 situato a pochi metri di distanza dal comprensorio sciistico di Racines e, nonostante ci\u00f2, [&hellip;]<\/p>\n","protected":false},"author":1,"featured_media":0,"parent":0,"menu_order":0,"comment_status":"closed","ping_status":"closed","template":"","meta":{"_monsterinsights_skip_tracking":false,"_monsterinsights_sitenote_active":false,"_monsterinsights_sitenote_note":"","_monsterinsights_sitenote_category":0,"footnotes":""},"class_list":["post-294","page","type-page","status-publish","hentry"],"_links":{"self":[{"href":"https:\/\/www.eggerhof.net\/it\/wp-json\/wp\/v2\/pages\/294"}],"collection":[{"href":"https:\/\/www.eggerhof.net\/it\/wp-json\/wp\/v2\/pages"}],"about":[{"href":"https:\/\/www.eggerhof.net\/it\/wp-json\/wp\/v2\/types\/page"}],"author":[{"embeddable":true,"href":"https:\/\/www.eggerhof.net\/it\/wp-json\/wp\/v2\/users\/1"}],"replies":[{"embeddable":true,"href":"https:\/\/www.eggerhof.net\/it\/wp-json\/wp\/v2\/comments?post=294"}],"version-history":[{"count":3,"href":"https:\/\/www.eggerhof.net\/it\/wp-json\/wp\/v2\/pages\/294\/revisions"}],"predecessor-version":[{"id":521,"href":"https:\/\/www.eggerhof.net\/it\/wp-json\/wp\/v2\/pages\/294\/revisions\/521"}],"wp:attachment":[{"href":"https:\/\/www.eggerhof.net\/it\/wp-json\/wp\/v2\/media?parent=294"}],"curies":[{"name":"wp","href":"https:\/\/api.w.org\/{rel}","templated":true}]}}