{"id":290,"date":"2015-12-16T06:07:32","date_gmt":"2015-12-16T05:07:32","guid":{"rendered":"http:\/\/www.muwit.it\/eggerhof\/it\/bauernhof\/"},"modified":"2015-12-24T15:17:37","modified_gmt":"2015-12-24T14:17:37","slug":"maso","status":"publish","type":"page","link":"https:\/\/www.eggerhof.net\/it\/maso\/","title":{"rendered":"Il Maso"},"content":{"rendered":"<h1>Leonie e Gloria<\/h1>\n<h2>Gli nostri animali<\/h2>\n<p><strong>Leonie e Gloria sono i nostri vitelli, i preferiti del nostro \u201eGoggl\u201c.<\/strong> Goggl \u00e8 il nostro gatto che, insieme alle galline, \u00e8 il vero boss del maso. Se non ci credete, dovreste prendervi il tempo per osservare e conoscere un po&#8217; pi\u00f9 da vicino gli animali del nostro maso. Tutti gli \u201cabitanti\u201d dell\u2019<a title=\"Homepage\" href=\"https:\/\/www.eggerhof.net\/it\/\">Eggerhof<\/a> sono molto cordiali e saranno felici di una visita da parte vostra e dei vostri piccoli.<\/p>\n<p>In <a title=\"Vivere l\u2019inverno\" href=\"https:\/\/www.eggerhof.net\/it\/inverno\/\">inverno<\/a> i nostri vitelli sono in valle e possono essere visitati nella stalla. In <a title=\"Estate da vivere\" href=\"https:\/\/www.eggerhof.net\/it\/estate\/\">estate<\/a> facciamo in modo che i nostri animali abbiano il meglio e, per questa ragione, li portiamo in vacanza negli alpeggi in quota. Gli alpeggi sono il posto ideale per gli animali: l\u00ec ci sono i pascoli migliori e anche per loro \u00e8 come se fosse vacanza! Venite a trascorrere la vostra vacanza in Alto Adige nel maso Eggerhof: sar\u00e0 un&#8217;esperienza memorabile! Il nostro motto \u00e8: \u201cEggerhof: il non plus ultra della vacanza al maso!\u201d. Mucche, galline e molti altri animali si sentono perfettamente a loro agio nel nostro maso a 1350mt di altitudine.<\/p>\n<p>&nbsp;<\/p>","protected":false},"excerpt":{"rendered":"<p>Leonie e Gloria Gli nostri animali Leonie e Gloria sono i nostri vitelli, i preferiti del nostro \u201eGoggl\u201c. Goggl \u00e8 il nostro gatto che, insieme alle [&hellip;]<\/p>\n","protected":false},"author":1,"featured_media":0,"parent":0,"menu_order":0,"comment_status":"closed","ping_status":"closed","template":"","meta":{"_monsterinsights_skip_tracking":false,"_monsterinsights_sitenote_active":false,"_monsterinsights_sitenote_note":"","_monsterinsights_sitenote_category":0,"footnotes":""},"class_list":["post-290","page","type-page","status-publish","hentry"],"_links":{"self":[{"href":"https:\/\/www.eggerhof.net\/it\/wp-json\/wp\/v2\/pages\/290"}],"collection":[{"href":"https:\/\/www.eggerhof.net\/it\/wp-json\/wp\/v2\/pages"}],"about":[{"href":"https:\/\/www.eggerhof.net\/it\/wp-json\/wp\/v2\/types\/page"}],"author":[{"embeddable":true,"href":"https:\/\/www.eggerhof.net\/it\/wp-json\/wp\/v2\/users\/1"}],"replies":[{"embeddable":true,"href":"https:\/\/www.eggerhof.net\/it\/wp-json\/wp\/v2\/comments?post=290"}],"version-history":[{"count":5,"href":"https:\/\/www.eggerhof.net\/it\/wp-json\/wp\/v2\/pages\/290\/revisions"}],"predecessor-version":[{"id":522,"href":"https:\/\/www.eggerhof.net\/it\/wp-json\/wp\/v2\/pages\/290\/revisions\/522"}],"wp:attachment":[{"href":"https:\/\/www.eggerhof.net\/it\/wp-json\/wp\/v2\/media?parent=290"}],"curies":[{"name":"wp","href":"https:\/\/api.w.org\/{rel}","templated":true}]}}