{"id":284,"date":"2015-12-16T09:51:42","date_gmt":"2015-12-16T08:51:42","guid":{"rendered":"http:\/\/www.muwit.it\/eggerhof\/it\/appartements\/wohnung-5\/"},"modified":"2016-01-26T10:05:42","modified_gmt":"2016-01-26T09:05:42","slug":"appartamento-5","status":"publish","type":"page","link":"https:\/\/www.eggerhof.net\/it\/appartamenti\/appartamento-5\/","title":{"rendered":"Appartamento 5"},"content":{"rendered":"<h1>Appartamento 5<\/h1>\n<p>L&#8217;appartamento per 2 \u2013 4 persone \u00e8 il posto ideale per il relax di tutta la famiglia, grandi e piccini. Dopo un&#8217;emozionante giornata sulle piste o in baita tutti hanno bisogno di un po\u2019 di pace e tranquillit\u00e0. Da noi tutto ci\u00f2 \u00e8 garantito.<\/p>\n<p><strong>Dotazione degli appartamenti:<\/strong><\/p>\n<ul>\n<li>Camera con letto matrimoniale, due comodini, un armadio e letti morbidi e confortevoli .<\/li>\n<li>Ampio divano letto per ulteriori due persone. Se siete in vacanza solo in due, il divano \u00e8 abbastanza confortevole per rilassarvi davanti al televisore.<\/li>\n<li>Soggiorno\/cucina dotato di tutti i comfort: grande tavolo da pranzo, ampia cucina e dispensa per riporre le scorte alimentari. L\u2018ampia finestra che da accesso al balcone rende l\u2019appartamento un luogo di vacanza piacevole e inondato di luce.<\/li>\n<li>Stanza da bagno con piccola zona benessere: rilassate i sensi mentre fate la doccia, lasciate scivolare l\u2019acqua calda sul collo e sentirete i vostri muscoli stanchi distendersi di nuovo: \u00e8 una promessa!<\/li>\n<\/ul>\n<p>Ingresso con ganci per appendere le giacche.<\/p>\n<h2>PREZZI<\/h2>\n\n<table id=\"tablepress-2\" class=\"tablepress tablepress-id-2\">\n<thead>\n<tr class=\"row-1\">\n\t<th class=\"column-1\"><\/th><th class=\"column-2\">Inverno 24 \/ 2025<\/th><th class=\"column-3\">Estate 2025<\/th>\n<\/tr>\n<\/thead>\n<tbody class=\"row-hover\">\n<tr class=\"row-2\">\n\t<td class=\"column-1\">Bassa Stagione<\/td><td class=\"column-2\">30,00 \u20ac<\/td><td class=\"column-3\">30,00 \u20ac - 32,00 \u20ac<\/td>\n<\/tr>\n<tr class=\"row-3\">\n\t<td class=\"column-1\">Alta Stagione<\/td><td class=\"column-2\">32,00 \u20ac - 35,00 \u20ac<\/td><td class=\"column-3\">32,00 \u20ac - 35,00 \u20ac<\/td>\n<\/tr>\n<\/tbody>\n<\/table>\n<!-- #tablepress-2 from cache -->","protected":false},"excerpt":{"rendered":"<p>Appartamento 5 L&#8217;appartamento per 2 \u2013 4 persone \u00e8 il posto ideale per il relax di tutta la famiglia, grandi e piccini. Dopo un&#8217;emozionante giornata sulle [&hellip;]<\/p>\n","protected":false},"author":1,"featured_media":0,"parent":274,"menu_order":0,"comment_status":"closed","ping_status":"closed","template":"","meta":{"_monsterinsights_skip_tracking":false,"_monsterinsights_sitenote_active":false,"_monsterinsights_sitenote_note":"","_monsterinsights_sitenote_category":0,"footnotes":""},"class_list":["post-284","page","type-page","status-publish","hentry"],"_links":{"self":[{"href":"https:\/\/www.eggerhof.net\/it\/wp-json\/wp\/v2\/pages\/284"}],"collection":[{"href":"https:\/\/www.eggerhof.net\/it\/wp-json\/wp\/v2\/pages"}],"about":[{"href":"https:\/\/www.eggerhof.net\/it\/wp-json\/wp\/v2\/types\/page"}],"author":[{"embeddable":true,"href":"https:\/\/www.eggerhof.net\/it\/wp-json\/wp\/v2\/users\/1"}],"replies":[{"embeddable":true,"href":"https:\/\/www.eggerhof.net\/it\/wp-json\/wp\/v2\/comments?post=284"}],"version-history":[{"count":5,"href":"https:\/\/www.eggerhof.net\/it\/wp-json\/wp\/v2\/pages\/284\/revisions"}],"predecessor-version":[{"id":552,"href":"https:\/\/www.eggerhof.net\/it\/wp-json\/wp\/v2\/pages\/284\/revisions\/552"}],"up":[{"embeddable":true,"href":"https:\/\/www.eggerhof.net\/it\/wp-json\/wp\/v2\/pages\/274"}],"wp:attachment":[{"href":"https:\/\/www.eggerhof.net\/it\/wp-json\/wp\/v2\/media?parent=284"}],"curies":[{"name":"wp","href":"https:\/\/api.w.org\/{rel}","templated":true}]}}