{"id":276,"date":"2015-12-16T06:11:59","date_gmt":"2015-12-16T05:11:59","guid":{"rendered":"http:\/\/www.muwit.it\/eggerhof\/it\/appartements\/wohnung-1\/"},"modified":"2016-01-26T10:02:37","modified_gmt":"2016-01-26T09:02:37","slug":"appartamento-1","status":"publish","type":"page","link":"https:\/\/www.eggerhof.net\/it\/appartamenti\/appartamento-1\/","title":{"rendered":"Appartamento 1"},"content":{"rendered":"<h1>Appartamento 1<\/h1>\n<p>La particolarit\u00e0 di questo appartamento \u00e9 la camera con tre letti. Viaggiate con tre bambini? Avete un neonato con voi? Siete un gruppo di tre amici? Questo \u00e9 l\u2019appartamento giusto per voi. Oltre alla camera con tre letti, nel soggiorno\/cucina c&#8217;\u00e8 un comodo divano letto per due persone. La cucina \u00e9 completamente attrezzata ed \u00e9 ideale per dimostrare la vostra abilit\u00e0 ai fornelli.<\/p>\n<p>Se siete stanchi e affaticati dopo una lunga escursione a piedi o dopo le innumerevoli discese con gli sci sulle piste di Racines, rilassatevi nella meravigliosa sala da bagno che invita al riposo e al relax.<\/p>\n<h2>PREZZI<\/h2>\n\n<table id=\"tablepress-2\" class=\"tablepress tablepress-id-2\">\n<thead>\n<tr class=\"row-1\">\n\t<th class=\"column-1\"><\/th><th class=\"column-2\">Inverno 24 \/ 2025<\/th><th class=\"column-3\">Estate 2025<\/th>\n<\/tr>\n<\/thead>\n<tbody class=\"row-hover\">\n<tr class=\"row-2\">\n\t<td class=\"column-1\">Bassa Stagione<\/td><td class=\"column-2\">30,00 \u20ac<\/td><td class=\"column-3\">30,00 \u20ac - 32,00 \u20ac<\/td>\n<\/tr>\n<tr class=\"row-3\">\n\t<td class=\"column-1\">Alta Stagione<\/td><td class=\"column-2\">32,00 \u20ac - 35,00 \u20ac<\/td><td class=\"column-3\">32,00 \u20ac - 35,00 \u20ac<\/td>\n<\/tr>\n<\/tbody>\n<\/table>\n<!-- #tablepress-2 from cache -->","protected":false},"excerpt":{"rendered":"<p>Appartamento 1 La particolarit\u00e0 di questo appartamento \u00e9 la camera con tre letti. Viaggiate con tre bambini? Avete un neonato con voi? Siete un gruppo di [&hellip;]<\/p>\n","protected":false},"author":1,"featured_media":0,"parent":274,"menu_order":0,"comment_status":"closed","ping_status":"closed","template":"","meta":{"_monsterinsights_skip_tracking":false,"_monsterinsights_sitenote_active":false,"_monsterinsights_sitenote_note":"","_monsterinsights_sitenote_category":0,"footnotes":""},"class_list":["post-276","page","type-page","status-publish","hentry"],"_links":{"self":[{"href":"https:\/\/www.eggerhof.net\/it\/wp-json\/wp\/v2\/pages\/276"}],"collection":[{"href":"https:\/\/www.eggerhof.net\/it\/wp-json\/wp\/v2\/pages"}],"about":[{"href":"https:\/\/www.eggerhof.net\/it\/wp-json\/wp\/v2\/types\/page"}],"author":[{"embeddable":true,"href":"https:\/\/www.eggerhof.net\/it\/wp-json\/wp\/v2\/users\/1"}],"replies":[{"embeddable":true,"href":"https:\/\/www.eggerhof.net\/it\/wp-json\/wp\/v2\/comments?post=276"}],"version-history":[{"count":4,"href":"https:\/\/www.eggerhof.net\/it\/wp-json\/wp\/v2\/pages\/276\/revisions"}],"predecessor-version":[{"id":548,"href":"https:\/\/www.eggerhof.net\/it\/wp-json\/wp\/v2\/pages\/276\/revisions\/548"}],"up":[{"embeddable":true,"href":"https:\/\/www.eggerhof.net\/it\/wp-json\/wp\/v2\/pages\/274"}],"wp:attachment":[{"href":"https:\/\/www.eggerhof.net\/it\/wp-json\/wp\/v2\/media?parent=276"}],"curies":[{"name":"wp","href":"https:\/\/api.w.org\/{rel}","templated":true}]}}