{"id":271,"date":"2015-12-20T14:11:22","date_gmt":"2015-12-20T13:11:22","guid":{"rendered":"http:\/\/www.muwit.it\/eggerhof\/en\/anreise\/"},"modified":"2019-07-22T10:19:10","modified_gmt":"2019-07-22T08:19:10","slug":"reachus","status":"publish","type":"page","link":"https:\/\/www.eggerhof.net\/en\/reachus\/","title":{"rendered":"How to reach us"},"content":{"rendered":"<h1>Wo geht\u2019s denn jetzt schon wieder hin?<\/h1>\n<div class=\"textItem\">\n<h2>Na zum Eggerhof in Ratschings.<\/h2>\n<p>Ich <strong>komme \u00fcber den Brenner<\/strong>, habe schon so manche Stunde hinter dem Lenkrad verbracht, die Kinder quengeln schon seit Stunden und meine Frau meint die ganze Zeit nur: <strong>&#8220;Schatzi, fahr nicht so schnell!&#8221;<\/strong>. Doch ich habe einen Hoffnungsschimmer, der <strong>Eggerhof<\/strong> ist nicht mehr weit. Ich nehme <strong>gleich nach dem Brennerpass die Autobahnausfahrt Sterzing<\/strong>. Ach herrje, wo geht&#8217;s denn jetzt schon wieder hin? Da ist doch ein <strong>Kreisverkehr<\/strong>. Also die erste Ausfahrt ist es schon mal nicht, das ist der Parkplatz, die zweite f\u00fchrt mich auf die Brennerstaatsstra\u00dfe und nach Brixen, die Dritte bringt mich ins Zentrum von Sterzing und nun, nur noch eine <strong>Ausfahrt<\/strong>, die muss es sein. JA, da ist ein Schild <strong>&#8220;Ratschingstal&#8221;<\/strong>.<\/p>\n<p>Das ist sicherlich richtig. Oh, das sind doch mal neue T\u00f6ne aus der hinteren Sitzreihe. Die Kinder haben die K\u00fche direkt vor dem Milchhof Sterzing gesehen. Das gef\u00e4llt denen\u2026<\/p>\n<p>Siehe da, <strong>noch ein Kreisverkehr<\/strong>, aber der ist doch nur klein. Da geht&#8217;s sicherlich nur <strong>gerade weiter<\/strong>. Alle anderen fahren auch dort hin, also bin ich da sicherlich richtig.&nbsp; Nun, was ist da los, kaum einen Kilometer gefahren und <strong>schon wieder ein Kreisverkehr<\/strong>. Auch hier nehme ich einfach <strong>wieder die zweite Ausfahrt<\/strong>. Das kann doch nicht sein, <strong>keine 300m weiter noch einer dieser kreisrunden Verkehrsregler<\/strong>. Doch diesmal nehme ich <strong>die erste Ausfahrt<\/strong>, denn da ist wieder ein Schild &#8220;Ratschingstal&#8221;. Ich glaube nun ist es echt nicht mehr so weit. Das kleine <strong>Dorf Gasteig durchquere ich<\/strong> und nach weniger als zwei Kilometern erreiche ich das <strong>Dorf Stange<\/strong>.<\/p>\n<p>So, es gibt eine entscheidende Wende in meiner Route, <strong>ich muss links den Berg hochfahren<\/strong>. Der Weg hoch bis hin zum Eggerhof ist nicht mehr weit. Ein paar Kurven nach rechts, ein paar Kurven nach links und nun siehe da,<strong> an der rechten Seite ist das Hotel Alphotel Tyrol<\/strong>. Nun kann es echt nicht mehr weit sein. Und ich habe recht, die gro\u00dfe Kirche auf dem H\u00fcgel, wie auf den Bildern und auf der linken Seite die Skifahrer wie sie die Piste runter wedeln. Nun noch einmal volle Konzentration, die Frau Haller hat gesagt, dass da gleich <strong>gegen\u00fcber der Br\u00fccke eine Stra\u00dfe hochf\u00fchrt<\/strong>. Dann zwischen dem <strong>Hotel Seeber und dem Berghotel durch und dann die Stra\u00dfe hoch<\/strong>. Ach ja und dann darf ich nicht vergessen, <strong>beim ersten Haus<\/strong> nach der <strong>steilen Geraden muss ich rechts abbiegen<\/strong>.<\/p>\n<p>Wow, Kinder, alles aussteigen, wir sind im <a title=\"Homepage\" href=\"https:\/\/www.eggerhof.net\/\">Eggerhof <\/a>angekommen.<\/p>\n<p><strong>Und weist du was? Es ist wunderbar. <\/strong><\/p>\n<\/div>\n<p><iframe loading=\"lazy\" src=\"https:\/\/www.google.com\/maps\/embed?pb=!1m14!1m8!1m3!1d10911.330020466748!2d11.3070078!3d46.8666685!3m2!1i1024!2i768!4f13.1!3m3!1m2!1s0x0%3A0xea7b2b6910b68981!2sFerienwohnungen%2FAppartamenti+Eggerhof!5e0!3m2!1sde!2sit!4v1563783110827!5m2!1sde!2sit\" style=\"border:0\" allowfullscreen=\"\" width=\"600\" height=\"450\" frameborder=\"0\"><\/iframe><\/p>","protected":false},"excerpt":{"rendered":"<p>Wo geht\u2019s denn jetzt schon wieder hin? Na zum Eggerhof in Ratschings. Ich komme \u00fcber den Brenner, habe schon so manche Stunde hinter dem Lenkrad verbracht, [&hellip;]<\/p>\n","protected":false},"author":1,"featured_media":0,"parent":0,"menu_order":0,"comment_status":"closed","ping_status":"closed","template":"","meta":{"_monsterinsights_skip_tracking":false,"_monsterinsights_sitenote_active":false,"_monsterinsights_sitenote_note":"","_monsterinsights_sitenote_category":0,"footnotes":""},"class_list":["post-271","page","type-page","status-publish","hentry"],"_links":{"self":[{"href":"https:\/\/www.eggerhof.net\/en\/wp-json\/wp\/v2\/pages\/271"}],"collection":[{"href":"https:\/\/www.eggerhof.net\/en\/wp-json\/wp\/v2\/pages"}],"about":[{"href":"https:\/\/www.eggerhof.net\/en\/wp-json\/wp\/v2\/types\/page"}],"author":[{"embeddable":true,"href":"https:\/\/www.eggerhof.net\/en\/wp-json\/wp\/v2\/users\/1"}],"replies":[{"embeddable":true,"href":"https:\/\/www.eggerhof.net\/en\/wp-json\/wp\/v2\/comments?post=271"}],"version-history":[{"count":3,"href":"https:\/\/www.eggerhof.net\/en\/wp-json\/wp\/v2\/pages\/271\/revisions"}],"predecessor-version":[{"id":667,"href":"https:\/\/www.eggerhof.net\/en\/wp-json\/wp\/v2\/pages\/271\/revisions\/667"}],"wp:attachment":[{"href":"https:\/\/www.eggerhof.net\/en\/wp-json\/wp\/v2\/media?parent=271"}],"curies":[{"name":"wp","href":"https:\/\/api.w.org\/{rel}","templated":true}]}}